{"id":1346,"date":"2021-02-02T22:07:52","date_gmt":"2021-02-02T21:07:52","guid":{"rendered":"https:\/\/ksm.legnica.pl\/?page_id=1346"},"modified":"2023-07-25T17:15:33","modified_gmt":"2023-07-25T15:15:33","slug":"konspekty-formacyjne","status":"publish","type":"page","link":"https:\/\/ksm.legnica.pl\/index.php\/dokumenty\/konspekty-formacyjne\/","title":{"rendered":"Konspekty formacyjne"},"content":{"rendered":"<p>Poni\u017cej znajduj\u0105 si\u0119 przyk\u0142adowe konspekty spotka\u0144 formacyjnych (opracowanych przez Zarz\u0105d KSM DL w 2014 roku):<\/p>\n<p><a href=\"https:\/\/ksm.legnica.pl\/downloads\/konspekty\/STYCZEN%20-%20MARYJA.pdf\">Maryja moj\u0105 pomoc\u0105 i wzorem osobowym.<\/a><\/p>\n<p><a href=\"https:\/\/ksm.legnica.pl\/downloads\/konspekty\/MARZEC%20-%20PATRONOWIE.doc\">Karolina i Sta\u015b \u2013 patronowie KSM.<\/a><\/p>\n<p><a href=\"https:\/\/ksm.legnica.pl\/downloads\/konspekty\/MAJ%20-%20HYMN.doc\">Hymn KSM.<\/a><\/p>\n<p><a href=\"https:\/\/ksm.legnica.pl\/downloads\/konspekty\/PAZDZIERNIK%20-%20GODLO.doc\">Symbolika god\u0142a KSM i odznaki organizacyjnej.<\/a><\/p>\n<p><a href=\"https:\/\/ksm.legnica.pl\/downloads\/konspekty\/LISTOPAD%20-%20HISTORIA.docx\">Historia KSM<\/a><\/p>\n<p><a href=\"https:\/\/ksm.legnica.pl\/downloads\/konspekty\/GRUDZEN%20-%20KSM%20POWOLANIEM.doc\">KSM jako spos\u00f3b realizacji swojego powo\u0142ania.<\/a><\/p>\n<p><a href=\"https:\/\/ksm.legnica.pl\/downloads\/konspekty\/WSPOLNOTA.doc\">\u015awi\u0119to\u015b\u0107 we wsp\u00f3lnocie.<\/a><\/p>\n<p>&nbsp;<\/p>\n<p>Konspekty z szkole\u0144 zast\u0119powych:<\/p>\n<p><a href=\"https:\/\/ksm.legnica.pl\/wp-content\/uploads\/2023\/07\/Rok-liturgiczny.docx\">Rok liturgiczny<\/a><br \/>\n<a href=\"https:\/\/ksm.legnica.pl\/wp-content\/uploads\/2023\/07\/Sakrament-Chrztu-Swietego.docx\">Sakrament Chrztu \u015awi\u0119tego<\/a><br \/>\n<a href=\"https:\/\/ksm.legnica.pl\/wp-content\/uploads\/2023\/07\/Droga-do-malzenstwa.docx\">Droga do ma\u0142\u017ce\u0144stwa<\/a><br \/>\n<a href=\"https:\/\/ksm.legnica.pl\/wp-content\/uploads\/2023\/07\/Sakrament-Eucharystia.docx\">Sakrament Eucharystia<\/a><br \/>\n<a href=\"https:\/\/ksm.legnica.pl\/wp-content\/uploads\/2023\/07\/Duch-Swiety.docx\">Duch \u015awiety<\/a><br \/>\n<a href=\"https:\/\/ksm.legnica.pl\/wp-content\/uploads\/2023\/07\/Dzialalnosc-pro-life.docx\">Dzia\u0142alno\u015bc pro-life<\/a><br \/>\n<a href=\"https:\/\/ksm.legnica.pl\/wp-content\/uploads\/2023\/07\/Wspolnoty-koscielne.docx\">Wsp\u00f3lnoty ko\u015bcielne<\/a><br \/>\n<a href=\"https:\/\/ksm.legnica.pl\/wp-content\/uploads\/2023\/07\/Sakrament-Namaszczenie-chorych.docx\">Sakrament Namaszczenie chorych<\/a><br \/>\n<a href=\"https:\/\/ksm.legnica.pl\/wp-content\/uploads\/2023\/07\/Rozaniec-Swiety.docx\">R\u00f3\u017caniec \u015awi\u0119ty<\/a><br \/>\n<a href=\"https:\/\/ksm.legnica.pl\/wp-content\/uploads\/2023\/07\/Koronka-do-Bozego-Milosierdzia.docx\">Koronka do Bo\u017cego Mi\u0142osierdzia<\/a><br \/>\n<a href=\"https:\/\/ksm.legnica.pl\/wp-content\/uploads\/2023\/07\/Sw.-Faustyna.docx\">\u015aw. Faustyna<\/a><br \/>\n<a href=\"https:\/\/ksm.legnica.pl\/wp-content\/uploads\/2023\/07\/Objawienia-fatimskie.docx\">Objawienia fatimskie<\/a><br \/>\n<a href=\"https:\/\/ksm.legnica.pl\/wp-content\/uploads\/2023\/07\/Bl.-kard.-Stefan-Wyszynski.docx\">B\u0142. kard. Stefan Wyszy\u0144ski<\/a><br \/>\n<a href=\"https:\/\/ksm.legnica.pl\/wp-content\/uploads\/2023\/07\/Maksymilan-Maria-Kolbe.docx\">Maksymilan Maria Kolbe<\/a><\/p>\n","protected":false},"excerpt":{"rendered":"<p>Poni\u017cej znajduj\u0105 si\u0119 przyk\u0142adowe konspekty spotka\u0144 formacyjnych (opracowanych przez Zarz\u0105d KSM DL w 2014 roku): Maryja moj\u0105 pomoc\u0105 i wzorem osobowym. Karolina i Sta\u015b \u2013 patronowie KSM. Hymn KSM. Symbolika god\u0142a KSM i odznaki organizacyjnej. Historia KSM KSM jako spos\u00f3b realizacji swojego powo\u0142ania. \u015awi\u0119to\u015b\u0107 we wsp\u00f3lnocie. &nbsp; Konspekty z szkole\u0144 zast\u0119powych: Rok liturgiczny Sakrament Chrztu &hellip; <\/p>\n<p class=\"link-more\"><a href=\"https:\/\/ksm.legnica.pl\/index.php\/dokumenty\/konspekty-formacyjne\/\" class=\"more-link\">Czytaj dalej<span class=\"screen-reader-text\"> \u201eKonspekty formacyjne\u201d<\/span><\/a><\/p>\n","protected":false},"author":11,"featured_media":0,"parent":397,"menu_order":0,"comment_status":"closed","ping_status":"closed","template":"","meta":[],"_links":{"self":[{"href":"https:\/\/ksm.legnica.pl\/index.php\/wp-json\/wp\/v2\/pages\/1346"}],"collection":[{"href":"https:\/\/ksm.legnica.pl\/index.php\/wp-json\/wp\/v2\/pages"}],"about":[{"href":"https:\/\/ksm.legnica.pl\/index.php\/wp-json\/wp\/v2\/types\/page"}],"author":[{"embeddable":true,"href":"https:\/\/ksm.legnica.pl\/index.php\/wp-json\/wp\/v2\/users\/11"}],"replies":[{"embeddable":true,"href":"https:\/\/ksm.legnica.pl\/index.php\/wp-json\/wp\/v2\/comments?post=1346"}],"version-history":[{"count":4,"href":"https:\/\/ksm.legnica.pl\/index.php\/wp-json\/wp\/v2\/pages\/1346\/revisions"}],"predecessor-version":[{"id":1589,"href":"https:\/\/ksm.legnica.pl\/index.php\/wp-json\/wp\/v2\/pages\/1346\/revisions\/1589"}],"up":[{"embeddable":true,"href":"https:\/\/ksm.legnica.pl\/index.php\/wp-json\/wp\/v2\/pages\/397"}],"wp:attachment":[{"href":"https:\/\/ksm.legnica.pl\/index.php\/wp-json\/wp\/v2\/media?parent=1346"}],"curies":[{"name":"wp","href":"https:\/\/api.w.org\/{rel}","templated":true}]}}