{"id":1681,"date":"2025-10-12T12:10:25","date_gmt":"2025-10-12T10:10:25","guid":{"rendered":"https:\/\/ksm.legnica.pl\/?page_id=1681"},"modified":"2025-10-12T12:10:25","modified_gmt":"2025-10-12T10:10:25","slug":"standardy-ochrony-maloletnich","status":"publish","type":"page","link":"https:\/\/ksm.legnica.pl\/index.php\/standardy-ochrony-maloletnich\/","title":{"rendered":"Standardy Ochrony Ma\u0142oletnich"},"content":{"rendered":"<p style=\"text-align: center;\"><a href=\"https:\/\/ksm.legnica.pl\/wp-content\/uploads\/2025\/10\/Standardy-Ochrony-Maloletnich-KSM-DL.pdf\" class=\"pdfemb-viewer\" style=\"\" data-width=\"max\" data-height=\"max\"  data-toolbar=\"bottom\" data-toolbar-fixed=\"off\">Standardy Ochrony Ma\u0142oletnich KSM DL<br\/><\/a><\/p>\n<p style=\"text-align: center;\"><a href=\"https:\/\/ksm.legnica.pl\/wp-content\/uploads\/2025\/10\/Standardy-Ochrony-Maloletnich-KSM-DL.pdf\">Standardy Ochrony Ma\u0142oletnich KSM DL<\/a><\/p>\n<p style=\"text-align: center;\"><a href=\"https:\/\/ksm.legnica.pl\/wp-content\/uploads\/2025\/10\/STANDARDY-OCHRONY-MALOLETNICH-w-KSM-DL-Wersja-skrocona.pdf\" class=\"pdfemb-viewer\" style=\"\" data-width=\"max\" data-height=\"max\"  data-toolbar=\"bottom\" data-toolbar-fixed=\"off\">STANDARDY OCHRONY MA\u0141OLETNICH w KSM DL-Wersja skr\u00f3cona<br\/><\/a><\/p>\n<p style=\"text-align: center;\"><a href=\"https:\/\/ksm.legnica.pl\/wp-content\/uploads\/2025\/10\/STANDARDY-OCHRONY-MALOLETNICH-w-KSM-DL-Wersja-skrocona.pdf\">Standardy Ochrony Ma\u0142oletnich KSM DL &#8211; wersja skr\u00f3cona<\/a><\/p>\n","protected":false},"excerpt":{"rendered":"<p>Standardy Ochrony Ma\u0142oletnich KSM DL Standardy Ochrony Ma\u0142oletnich KSM DL &#8211; wersja skr\u00f3cona<\/p>\n","protected":false},"author":4,"featured_media":0,"parent":0,"menu_order":0,"comment_status":"closed","ping_status":"closed","template":"","meta":[],"_links":{"self":[{"href":"https:\/\/ksm.legnica.pl\/index.php\/wp-json\/wp\/v2\/pages\/1681"}],"collection":[{"href":"https:\/\/ksm.legnica.pl\/index.php\/wp-json\/wp\/v2\/pages"}],"about":[{"href":"https:\/\/ksm.legnica.pl\/index.php\/wp-json\/wp\/v2\/types\/page"}],"author":[{"embeddable":true,"href":"https:\/\/ksm.legnica.pl\/index.php\/wp-json\/wp\/v2\/users\/4"}],"replies":[{"embeddable":true,"href":"https:\/\/ksm.legnica.pl\/index.php\/wp-json\/wp\/v2\/comments?post=1681"}],"version-history":[{"count":4,"href":"https:\/\/ksm.legnica.pl\/index.php\/wp-json\/wp\/v2\/pages\/1681\/revisions"}],"predecessor-version":[{"id":1687,"href":"https:\/\/ksm.legnica.pl\/index.php\/wp-json\/wp\/v2\/pages\/1681\/revisions\/1687"}],"wp:attachment":[{"href":"https:\/\/ksm.legnica.pl\/index.php\/wp-json\/wp\/v2\/media?parent=1681"}],"curies":[{"name":"wp","href":"https:\/\/api.w.org\/{rel}","templated":true}]}}