{"id":353,"date":"2019-09-04T23:31:38","date_gmt":"2019-09-04T21:31:38","guid":{"rendered":"http:\/\/ksm.legnica.pl\/?page_id=353"},"modified":"2019-09-05T11:52:11","modified_gmt":"2019-09-05T09:52:11","slug":"patroni-ksm","status":"publish","type":"page","link":"https:\/\/ksm.legnica.pl\/index.php\/patroni-ksm\/","title":{"rendered":"Patroni KSM"},"content":{"rendered":"<p><u>\u015awi\u0119ty Stanis\u0142aw Kostka<\/u><\/p>\n<figure id=\"attachment_354\" aria-describedby=\"caption-attachment-354\" style=\"width: 210px\" class=\"wp-caption alignright\"><img loading=\"lazy\" class=\"size-medium wp-image-354\" src=\"http:\/\/ksm.legnica.pl\/wp-content\/uploads\/2019\/09\/kostka-210x300.jpg\" alt=\"\" width=\"210\" height=\"300\" srcset=\"https:\/\/ksm.legnica.pl\/wp-content\/uploads\/2019\/09\/kostka-210x300.jpg 210w, https:\/\/ksm.legnica.pl\/wp-content\/uploads\/2019\/09\/kostka.jpg 420w\" sizes=\"(max-width: 210px) 100vw, 210px\" \/><figcaption id=\"caption-attachment-354\" class=\"wp-caption-text\">http:\/\/parafia.zakliczyn.pl\/wp-content\/uploads\/2014\/03\/kostka.jpg<\/figcaption><\/figure>\n<p style=\"text-align: justify;\">Urodzi\u0142 si\u0119 w Rostkowie pod Przasnyszem w 1550 r. jako syn kasztelana zakroczymskiego. Maj\u0105c 14 lat zosta\u0142 wys\u0142any ze starszym bratem Paw\u0142em do Wiednia. Ucz\u0119szcza\u0142 tam do gimnazjum. \u017by\u0142 intensywnym \u017cyciem religijnym.<br \/>\nOd choroby w 1565 r. zdecydowanie zmierza\u0142 do realizacji powo\u0142ania zakonnego. Natrafi\u0142 jednak na trudno\u015bci ze strony rodziny, zw\u0142aszcza ojca. By ich unikn\u0105\u0107 w 1567 r. uszed\u0142 do Bawarii, sk\u0105d zosta\u0142 skierowany do Rzymu, gdzie wst\u0105pi\u0142 do Towarzystwa Jezusowego. Zachwyciwszy wszystkich swoj\u0105 duchow\u0105 dojrza\u0142o\u015bci\u0105<br \/>\ni rozmodleniem zapad\u0142 w sierpniu nast\u0119pnego roku na malari\u0119 i zmar\u0142 p\u00f3\u017anym wieczorem w wigili\u0119 Wniebowzi\u0119cia Naj\u015bwi\u0119tszej Marii Panny (15 VIII). W 1670 r. Zosta\u0142 og\u0142oszony b\u0142ogos\u0142awionym, a uroczysta kanonizacja nast\u0105pi\u0142a w roku 1726.<\/p>\n<p>&nbsp;<\/p>\n<figure id=\"attachment_355\" aria-describedby=\"caption-attachment-355\" style=\"width: 241px\" class=\"wp-caption alignleft\"><img loading=\"lazy\" class=\"wp-image-355 \" src=\"http:\/\/ksm.legnica.pl\/wp-content\/uploads\/2019\/09\/karolina_sm.png\" alt=\"\" width=\"241\" height=\"423\" srcset=\"https:\/\/ksm.legnica.pl\/wp-content\/uploads\/2019\/09\/karolina_sm.png 228w, https:\/\/ksm.legnica.pl\/wp-content\/uploads\/2019\/09\/karolina_sm-171x300.png 171w\" sizes=\"(max-width: 241px) 100vw, 241px\" \/><figcaption id=\"caption-attachment-355\" class=\"wp-caption-text\">http:\/\/sanktuariumzabawa.pl\/index.php\/pl\/patronka<\/figcaption><\/figure>\n<p><u>B\u0142ogos\u0142awiona Karolina K\u00f3zk\u00f3wna<\/u><\/p>\n<p style=\"text-align: justify;\">Urodzi\u0142a si\u0119 w 1898 roku w wiosce Wa\u0142-Ruda jako czwarte spo\u015br\u00f3d jedena\u015bciorga dzieci Jana i Marii z domu Borz\u0119ckiej. Religijna atmosfera domu K\u00f3zk\u00f3w w swych r\u00f3\u017cnorodnych autentycznych przejawach \u0142atwo\u015bci\u0105 dostrzegana by\u0142a przez s\u0105siad\u00f3w, kt\u00f3rzy ch\u0119tnie schodzili si\u0119 tutaj na czytanie ksi\u0105\u017cek religijnych, \u015bpiewanie pie\u015bni i wsp\u00f3ln\u0105 modlitw\u0119. Karolina, od wczesnej m\u0142odo\u015bci lubi\u0142a si\u0119 modli\u0107. W ka\u017cde Maryjne \u015bwi\u0119to udawa\u0142a si\u0119 do odleg\u0142ego o 40 kilometr\u00f3w sanktuarium tucholskiego lub do Odporyszowa. Z wielk\u0105 rado\u015bci\u0105 nosi\u0142a w procesjach parafialnych feretron Matki Niepokalanej. Uczy\u0142a dzieci czyta\u0107 i pisa\u0107 oraz modlitwy z katechizmu.<br \/>\nW dniu 18 listopada 1914 roku ponios\u0142a \u015bmier\u0107 m\u0119cze\u0144sk\u0105 z r\u0105k rosyjskiego \u017co\u0142nierza w obronie czysto\u015bci.<\/p>\n<p>&nbsp;<\/p>\n<p><u>\u015awi\u0119to patronalne KSM<\/u><\/p>\n<p style=\"text-align: justify;\">\u015awi\u0119tem patronalnym KSM jest Uroczysto\u015b\u0107 Chrystusa Kr\u00f3la Wszech\u015bwiata, kt\u00f3re jest \u015bwi\u0119tem patronalnym Akcji Katolickiej. Wymowa tej uroczysto\u015bci jest ogromna, przy tym \u0142atwo czytelna. Jezus jest Panem wszechbytu, Panem czasu i przestrzeni, a wi\u0119c r\u00f3wnie\u017c Panem cz\u0142owieka we wszystkich wymiarach jego cz\u0142owiecze\u0144stwa i we wszystkich wymiarach jego \u017cycia. Powo\u0142anie chrze\u015bcija\u0144skie jest powo\u0142aniem do uczestnictwa misji Chrystusa, do \u0142\u0105czno\u015bci z Chrystusem-S\u0142ug\u0105 i Chrystusem-Panem, jest zaproszeniem zar\u00f3wno do s\u0142u\u017cby, jak i do kr\u00f3lowania.<\/p>\n","protected":false},"excerpt":{"rendered":"<p>\u015awi\u0119ty Stanis\u0142aw Kostka Urodzi\u0142 si\u0119 w Rostkowie pod Przasnyszem w 1550 r. jako syn kasztelana zakroczymskiego. Maj\u0105c 14 lat zosta\u0142 wys\u0142any ze starszym bratem Paw\u0142em do Wiednia. Ucz\u0119szcza\u0142 tam do gimnazjum. \u017by\u0142 intensywnym \u017cyciem religijnym. Od choroby w 1565 r. zdecydowanie zmierza\u0142 do realizacji powo\u0142ania zakonnego. Natrafi\u0142 jednak na trudno\u015bci ze strony rodziny, zw\u0142aszcza ojca. &hellip; <\/p>\n<p class=\"link-more\"><a href=\"https:\/\/ksm.legnica.pl\/index.php\/patroni-ksm\/\" class=\"more-link\">Czytaj dalej<span class=\"screen-reader-text\"> \u201ePatroni KSM\u201d<\/span><\/a><\/p>\n","protected":false},"author":9,"featured_media":0,"parent":0,"menu_order":0,"comment_status":"closed","ping_status":"closed","template":"","meta":[],"_links":{"self":[{"href":"https:\/\/ksm.legnica.pl\/index.php\/wp-json\/wp\/v2\/pages\/353"}],"collection":[{"href":"https:\/\/ksm.legnica.pl\/index.php\/wp-json\/wp\/v2\/pages"}],"about":[{"href":"https:\/\/ksm.legnica.pl\/index.php\/wp-json\/wp\/v2\/types\/page"}],"author":[{"embeddable":true,"href":"https:\/\/ksm.legnica.pl\/index.php\/wp-json\/wp\/v2\/users\/9"}],"replies":[{"embeddable":true,"href":"https:\/\/ksm.legnica.pl\/index.php\/wp-json\/wp\/v2\/comments?post=353"}],"version-history":[{"count":4,"href":"https:\/\/ksm.legnica.pl\/index.php\/wp-json\/wp\/v2\/pages\/353\/revisions"}],"predecessor-version":[{"id":384,"href":"https:\/\/ksm.legnica.pl\/index.php\/wp-json\/wp\/v2\/pages\/353\/revisions\/384"}],"wp:attachment":[{"href":"https:\/\/ksm.legnica.pl\/index.php\/wp-json\/wp\/v2\/media?parent=353"}],"curies":[{"name":"wp","href":"https:\/\/api.w.org\/{rel}","templated":true}]}}