{"id":360,"date":"2019-09-05T00:06:19","date_gmt":"2019-09-04T22:06:19","guid":{"rendered":"http:\/\/ksm.legnica.pl\/?page_id=360"},"modified":"2021-01-13T20:23:14","modified_gmt":"2021-01-13T19:23:14","slug":"elementy-jednosci-organizacyjnej","status":"publish","type":"page","link":"https:\/\/ksm.legnica.pl\/index.php\/elementy-jednosci-organizacyjnej\/","title":{"rendered":"Elementy jedno\u015bci organizacyjnej"},"content":{"rendered":"<p><span style=\"text-decoration: underline;\">Hymn KSM<\/span><\/p>\n<p style=\"text-align: justify;\">Hymnem dzisiejszego KSM jest pie\u015b\u0144 \u201eHej do apelu sta\u0144my wraz\u201d \u015bpiewana na melodi\u0119 Roty. Wyra\u017ca jeden z cel\u00f3w naszej organizacji, jakim jest budowa \u201ePolski Bogu mi\u0142ej\u201d, zach\u0119ca do pracy i nauki(\u201eOjczyzna wolna wzywa nas do pracy r\u0119k\u0105, g\u0142ow\u0105\u201d), jednocze\u015bnie umieszcza ca\u0142o\u015b\u0107 naszej doczesnej dzia\u0142alno\u015bci w perspektywie Bo\u017cej (\u201esztandarem naszym b\u0119dzie Krzy\u017c\u201d) wzywaj\u0105c do apostolstwa katolickiego przez u\u015bwi\u0119cenie siebie i \u015brodowiska. Przedwojenny KSMM mia\u0142 jeszcze drugi hymn \u201eMy chcemy Boga\u201d, kt\u00f3ry by\u0142 hymnem wszystkich organizacji wchodz\u0105cych w sk\u0142ad Akcji Katolickiej. \u015apiewano w\u00f3wczas \u201eMy chcemy Boga\u201d na pocz\u0105tku spotka\u0144, za\u015b hymn \u201eHej do apelu\u201d na koniec.<\/p>\n<p style=\"text-align: center;\"><em>HYMN KSM<\/em><\/p>\n<p style=\"text-align: center;\"><em>Hej do apelu sta\u0144my wraz<\/em><br \/>\n<em>Budowa\u0107 Polsk\u0119 now\u0105<\/em><br \/>\n<em>Ojczyzna wolna wzywa nas<\/em><br \/>\n<em>Do pracy r\u0119k\u0105 g\u0142ow\u0105<\/em><br \/>\n<em>Nie wydrze nam jej \u017caden wr\u00f3g<\/em><br \/>\n<em>Tak nam dopom\u00f3\u017c B\u00f3g\u00a0\u00a0 2x<\/em><\/p>\n<p style=\"text-align: center;\"><em>M\u0142odzie\u017cy Polsk\u0119 now\u0105 tw\u00f3rz<\/em><br \/>\n<em>Pot\u0119\u017cn\u0105 Bogu mi\u0142\u0105<\/em><br \/>\n<em>Gdy z nami B\u00f3g przeciw nam kt\u00f3\u017c<\/em><br \/>\n<em>On jest najwy\u017csz\u0105 si\u0142\u0105<\/em><br \/>\n<em>Zwyci\u0119\u017cym zn\u00f3j i stromo\u015b\u0107 dr\u00f3g<\/em><br \/>\n<em>Tak nam dopom\u00f3\u017c B\u00f3g 2x<\/em><\/p>\n<p style=\"text-align: center;\"><em>Sztandarem naszym b\u0119dzie Krzy\u017c<\/em><br \/>\n<em>Co ojc\u00f3w wi\u00f3d\u0142 do chwa\u0142y<\/em><br \/>\n<em>I nas powiedzie tak\u017ce wzwy\u017c<\/em><br \/>\n<em>Gdzie buja Orze\u0142 bia\u0142y<\/em><br \/>\n<em>Ojczy\u017anie sp\u0142acim \u015bwi\u0119ty d\u0142ug<\/em><br \/>\n<em>Tak nam dopom\u00f3\u017c B\u00f3g 2x<\/em><\/p>\n<p><u>God\u0142o i odznaka KSM<\/u><img loading=\"lazy\" class=\"alignnone wp-image-50 size-medium\" style=\"margin: 0.5em 0px 0.5em 1em; outline: #72777c solid 1px; width: 178px; height: 219px; text-align: left; color: #333333; text-transform: none; text-indent: 0px; letter-spacing: normal; font-size: 16px; font-style: normal; font-variant: normal; font-weight: 400; text-decoration: none; word-spacing: 0px; white-space: normal; max-width: 100%; orphans: 2; float: right; -webkit-text-stroke-width: 0px;\" src=\"https:\/\/ksm.legnica.pl\/wp-content\/uploads\/2018\/11\/godlo-300-px-244x300.png\" alt=\"\" width=\"244\" height=\"300\" \/><\/p>\n<p style=\"text-align: justify;\">God\u0142o Stowarzyszenia powsta\u0142o z po\u0142\u0105czenia Or\u0142a Polskiego i Krzy\u017ca. Okre\u015bla wyra\u017anie opowiedzenie si\u0119 po stronie Ojczyzny i Ko\u015bcio\u0142a.<\/p>\n<p>&nbsp;<\/p>\n<ul>\n<li>\n<p style=\"text-align: justify;\">Barwy. T\u0142em god\u0142a jest kolor \u017c\u00f3\u0142ty symbolizuj\u0105cy Ko\u015bci\u00f3\u0142 Katolicki. Kolor bia\u0142y i czerwony s\u0105 barwami narodowymi. Kolor niebieski krzy\u017ca oznacza wewn\u0119trzn\u0105 wi\u0119\u017a z Matk\u0105 Naj\u015bwi\u0119tsz\u0105.<\/p>\n<\/li>\n<li>\n<p style=\"text-align: justify;\">Odznaka. Tre\u015bci\u0105 odznaki jest god\u0142o. Mog\u0105 j\u0105 nosi\u0107 cz\u0142onkowie KSM po przyrzeczeniu. Odznaka symbolizuje s\u0142u\u017cb\u0119 Bogu i Ojczy\u017anie, jest nie tylko ozdob\u0105, ale przede wszystkim wyra\u017ceniem organizacyjnej i duchowej przynale\u017cno\u015bci. Ka\u017cdy, kto j\u0105 nosi winien pami\u0119ta\u0107, \u017ce reprezentuje katolick\u0105 organizacj\u0119, a po jego zachowaniu KSM b\u0119dzie oceniane. Noszenie odznaki jest zarazem propagowaniem KSM-u.<\/p>\n<\/li>\n<\/ul>\n<p>&nbsp;<\/p>\n<p><span style=\"text-decoration: underline;\">Legitymacja<\/span><\/p>\n<p style=\"text-align: justify;\">Legitymacj\u0119 cz\u0142onkowsk\u0105 otrzymuje cz\u0142onek KSM po z\u0142o\u017ceniu przyrzeczeni. Jest w niej zdj\u0119cie, dane personalne, god\u0142o KSM, tre\u015b\u0107 przyrzeczenia. Forma legitymacji jest zunifikowana w ca\u0142ym kraju. Pos\u0142ugiwanie si\u0119 legitymacj\u0105 razem z odznak\u0105 jest reprezentowaniem Stowarzyszenia na zewn\u0105trz.<img loading=\"lazy\" class=\"size-medium wp-image-361 aligncenter\" style=\"color: #333333; display: block; font-family: &amp;quot; libre franklin&amp;quot;,&amp;quot;helvetica neue&amp;quot;,helvetica,arial,sans-serif; font-size: 16px; font-style: normal; font-variant: normal; font-weight: 400; height: auto; letter-spacing: normal; margin-left: auto; margin-right: auto; max-width: 100%; orphans: 2; outline-color: #72777c; outline-style: solid; outline-width: 1px; text-align: left; text-decoration: none; text-indent: 0px; text-transform: none; -webkit-text-stroke-width: 0px; white-space: normal; width: inherit; word-spacing: 0px;\" src=\"https:\/\/ksm.legnica.pl\/wp-content\/uploads\/2019\/09\/odznaka-e1567633474834-300x300.jpg\" alt=\"\" width=\"300\" height=\"300\" srcset=\"https:\/\/ksm.legnica.pl\/wp-content\/uploads\/2019\/09\/odznaka-e1567633474834-300x300.jpg 300w, https:\/\/ksm.legnica.pl\/wp-content\/uploads\/2019\/09\/odznaka-e1567633474834-150x150.jpg 150w, https:\/\/ksm.legnica.pl\/wp-content\/uploads\/2019\/09\/odznaka-e1567633474834-100x100.jpg 100w, https:\/\/ksm.legnica.pl\/wp-content\/uploads\/2019\/09\/odznaka-e1567633474834.jpg 720w\" sizes=\"(max-width: 300px) 100vw, 300px\" \/><\/p>\n<p><u>Sztandar<\/u><\/p>\n<p style=\"text-align: justify;\">Sztandar jest symbolem naszej organizacji, jedno\u015bci i zasad. Powinien by\u0107 obecny w asy\u015bcie trzyosobowego pocztu sztandarowego. Jest obecny na wa\u017cnych uroczysto\u015bciach ko\u015bcielnych (np. procesja Bo\u017cego Cia\u0142a) i organizacyjnych (np. zjazdy, wybory Uroczysto\u015b\u0107 Chrystusa Kr\u00f3la). Powinien go posiada\u0107 Zarz\u0105d Diecezjalny, oddzia\u0142om i ko\u0142om zaleca si\u0119 to w miar\u0119 mo\u017cliwo\u015bci. Aczkolwiek nie okre\u015bla si\u0119 \u015bci\u015ble wygl\u0105du sztandaru, to jednak nie mo\u017ce w nim zabrakn\u0105\u0107 wizerunku patrona naszej organizacji, god\u0142a i has\u0142a.<\/p>\n<p><img loading=\"lazy\" class=\"alignnone wp-image-363 size-large\" src=\"https:\/\/ksm.legnica.pl\/wp-content\/uploads\/2019\/09\/sztandar-1-1024x683.jpg\" alt=\"\" width=\"525\" height=\"350\" srcset=\"https:\/\/ksm.legnica.pl\/wp-content\/uploads\/2019\/09\/sztandar-1-1024x683.jpg 1024w, https:\/\/ksm.legnica.pl\/wp-content\/uploads\/2019\/09\/sztandar-1-300x200.jpg 300w, https:\/\/ksm.legnica.pl\/wp-content\/uploads\/2019\/09\/sztandar-1-768x512.jpg 768w, https:\/\/ksm.legnica.pl\/wp-content\/uploads\/2019\/09\/sztandar-1.jpg 1200w\" sizes=\"(max-width: 525px) 100vw, 525px\" \/><\/p>\n<p><span style=\"text-decoration: underline;\">Has\u0142o i pozdrowienie organizacyjne<\/span><\/p>\n<p style=\"text-align: justify;\">Pozdrowieniem naszej organizacji jest s\u0142owo \u201eGot\u00f3w!\u201d. Ma ono g\u0142\u0119bok\u0105 tre\u015b\u0107 ideow\u0105. KSM-owicz jest got\u00f3w odda\u0107 wszystkie si\u0142y na s\u0142u\u017cb\u0119 Bogu<br \/>\ni Ojczy\u017anie. Jest got\u00f3w do wysi\u0142ku i trudu dla osi\u0105gni\u0119cia celu organizacji. Jest got\u00f3w do sta\u0142ego rozwoju duchowego przez ci\u0105g\u0142e dokszta\u0142canie religijne, Jest got\u00f3w ponie\u015b\u0107 upokorzenie i niewygod\u0119 byle nie zaprze\u0107 si\u0119 swoich idea\u0142\u00f3w, kt\u00f3re uwa\u017ca za najlepsze. Jest got\u00f3w do wysi\u0142ku fizycznego wstrzemi\u0119\u017aliwo\u015bci. Przez sumienn\u0105 nauk\u0119 stara si\u0119 przygotowa\u0107 si\u0119 do pracy dla dobra Ojczyzny w doros\u0142ym \u017cyciu.<\/p>\n<p>W oparciu o to s\u0142owo zbudowane jest nasze zawo\u0142anie: <strong>\u201ePrzez cnot\u0119, nauk\u0119 <\/strong><strong>i prac\u0119 s\u0142u\u017cy\u0107 Bogu i Ojczy\u017anie- Got\u00f3w?\u201d<\/strong> odzew \u201eGot\u00f3w!\u201d<\/p>\n<p>&nbsp;<\/p>\n<p><span style=\"text-decoration: underline;\">Przyrzeczenie<\/span><\/p>\n<p style=\"text-align: center;\"><em>Uroczy\u015bcie przyrzekam pracowa\u0107 nad sob\u0105, <\/em><br \/>\n<em>aby m\u00f3c ca\u0142ym \u017cuciem s\u0142u\u017cy\u0107 Bogu, Ko\u015bcio\u0142owi i Polsce, <\/em><br \/>\n<em>czyni\u0107 dobrze innym ludziom, by\u0107 dobrym cz\u0142onkiem <\/em><br \/>\n<em>Katolickiego Stowarzyszenia M\u0142odzie\u017cy.<\/em><\/p>\n<p style=\"text-align: justify;\">Przyrzeczenie sk\u0142ada si\u0119 po odbyciu sta\u017cu kandydackiego przy przychylnej opinii prezesa i ksi\u0119dza asystenta. Aczkolwiek nie jest przysi\u0119g\u0105, mimo to jednak jego z\u0142o\u017cenie zobowi\u0105zuje na ca\u0142\u0105 m\u0142odo\u015b\u0107, nawet na ca\u0142e \u017cycie. Nale\u017cy je traktowa\u0107 powa\u017cnie, jako wa\u017cny moment \u017cycia. Dlatego niezb\u0119dna jest godna oprawa troska kierownictwa, by kandydaci podeszli do niego \u015bwiadomie odpowiedzialnie. Tak potraktowane przyrzeczenie powinno by\u0107 dotrzymane. W przyrzeczeniu zawarta jest obietnica sk\u0142adana Bogu, Polsce i Organizacji. Szanuj\u0105cy si\u0119 oddzia\u0142 nie dopu\u015bci do przyrzeczenia kandydat\u00f3w, co do kt\u00f3rych nie jest przekonany, \u017ce tego przyrzeczenia dotrzymaj\u0105, a dotrzymaj\u0105 tylko ci, kt\u00f3rzy ten cel znaj\u0105 i pragn\u0105 realizowa\u0107.<\/p>\n<p><img loading=\"lazy\" class=\"aligncenter wp-image-364 \" src=\"https:\/\/ksm.legnica.pl\/wp-content\/uploads\/2019\/09\/przyrzeczenie-1024x683.jpg\" alt=\"\" width=\"447\" height=\"298\" srcset=\"https:\/\/ksm.legnica.pl\/wp-content\/uploads\/2019\/09\/przyrzeczenie-1024x683.jpg 1024w, https:\/\/ksm.legnica.pl\/wp-content\/uploads\/2019\/09\/przyrzeczenie-300x200.jpg 300w, https:\/\/ksm.legnica.pl\/wp-content\/uploads\/2019\/09\/przyrzeczenie-768x512.jpg 768w\" sizes=\"(max-width: 447px) 100vw, 447px\" \/><\/p>\n","protected":false},"excerpt":{"rendered":"<p>Hymn KSM Hymnem dzisiejszego KSM jest pie\u015b\u0144 \u201eHej do apelu sta\u0144my wraz\u201d \u015bpiewana na melodi\u0119 Roty. Wyra\u017ca jeden z cel\u00f3w naszej organizacji, jakim jest budowa \u201ePolski Bogu mi\u0142ej\u201d, zach\u0119ca do pracy i nauki(\u201eOjczyzna wolna wzywa nas do pracy r\u0119k\u0105, g\u0142ow\u0105\u201d), jednocze\u015bnie umieszcza ca\u0142o\u015b\u0107 naszej doczesnej dzia\u0142alno\u015bci w perspektywie Bo\u017cej (\u201esztandarem naszym b\u0119dzie Krzy\u017c\u201d) wzywaj\u0105c do &hellip; <\/p>\n<p class=\"link-more\"><a href=\"https:\/\/ksm.legnica.pl\/index.php\/elementy-jednosci-organizacyjnej\/\" class=\"more-link\">Czytaj dalej<span class=\"screen-reader-text\"> \u201eElementy jedno\u015bci organizacyjnej\u201d<\/span><\/a><\/p>\n","protected":false},"author":9,"featured_media":367,"parent":0,"menu_order":0,"comment_status":"closed","ping_status":"closed","template":"","meta":[],"_links":{"self":[{"href":"https:\/\/ksm.legnica.pl\/index.php\/wp-json\/wp\/v2\/pages\/360"}],"collection":[{"href":"https:\/\/ksm.legnica.pl\/index.php\/wp-json\/wp\/v2\/pages"}],"about":[{"href":"https:\/\/ksm.legnica.pl\/index.php\/wp-json\/wp\/v2\/types\/page"}],"author":[{"embeddable":true,"href":"https:\/\/ksm.legnica.pl\/index.php\/wp-json\/wp\/v2\/users\/9"}],"replies":[{"embeddable":true,"href":"https:\/\/ksm.legnica.pl\/index.php\/wp-json\/wp\/v2\/comments?post=360"}],"version-history":[{"count":7,"href":"https:\/\/ksm.legnica.pl\/index.php\/wp-json\/wp\/v2\/pages\/360\/revisions"}],"predecessor-version":[{"id":1200,"href":"https:\/\/ksm.legnica.pl\/index.php\/wp-json\/wp\/v2\/pages\/360\/revisions\/1200"}],"wp:featuredmedia":[{"embeddable":true,"href":"https:\/\/ksm.legnica.pl\/index.php\/wp-json\/wp\/v2\/media\/367"}],"wp:attachment":[{"href":"https:\/\/ksm.legnica.pl\/index.php\/wp-json\/wp\/v2\/media?parent=360"}],"curies":[{"name":"wp","href":"https:\/\/api.w.org\/{rel}","templated":true}]}}