{"id":380,"date":"2019-09-05T11:58:07","date_gmt":"2019-09-05T09:58:07","guid":{"rendered":"http:\/\/ksm.legnica.pl\/?page_id=380"},"modified":"2025-01-27T14:26:29","modified_gmt":"2025-01-27T13:26:29","slug":"kalendarium","status":"publish","type":"page","link":"https:\/\/ksm.legnica.pl\/index.php\/kalendarium\/","title":{"rendered":"Kalendarium"},"content":{"rendered":"<h1><strong><span style=\"font-size: x-large;\">Kalendarium na rok 2025<\/span><\/strong><\/h1>\n<p><span style=\"font-size: small; color: #12509b;\">*kolorem niebieskim oznaczono wydarzenia KSMowe<br \/>\n<\/span><span style=\"font-size: small; color: #ff0000;\"><span style=\"color: #db0000;\">*kolorem czerwonym oznaczono otwarte wydarzenia organizowane przez KSM, na kt\u00f3re zapraszamy szczeg\u00f3lnie wszystkich ch\u0119tnych<\/span><br \/>\n<\/span><span style=\"font-size: small; color: #ff0000;\"><span style=\"color: #339966;\">*kolorem zielonym oznaczono wydarzenia w kt\u00f3rych uczestniczy\/kt\u00f3re wsp\u00f3\u0142organizuje KSM<\/span><br \/>\n<\/span><span style=\"font-size: small;\"><em>*kursyw\u0105 oznaczono wydarzenia og\u00f3lnopolskie<\/em><\/span><span style=\"font-size: small; color: #ff0000;\"><br \/>\n<\/span><\/p>\n<hr \/>\n<p><em><span style=\"color: #12509b;\"><strong>21 &#8211; 23 lutego 2025<br \/>\n<\/strong>Zebranie Krajowej Rady KSM w Legnicy<\/span><\/em><\/p>\n<p><span style=\"color: #db0000;\"><b>5 marca &#8211; 13 kwietnia 2025<br \/>\n<\/b>Wielki Post dla \u017bycia<\/span><\/p>\n<p><span style=\"color: #db0000;\"><b>8 marca\u00a0 2025<br \/>\n<\/b>Modlitewny Flash mob w Lubaniu<\/span><\/p>\n<p><span style=\"color: #db0000;\"><b>15 marca\u00a0 2025<br \/>\n<\/b>Modlitewny Flash mob w Polkowicach<\/span><\/p>\n<p><span style=\"color: #db0000;\"><b>22 marca\u00a0 2025<br \/>\n<\/b>Modlitewny Flash mob w Nowogrod\u017acu<\/span><\/p>\n<p><span style=\"color: #12509b;\"><b>28 &#8211; 29 marca 2025<br \/>\n<\/b>Wiosenny Zjazd Diecezjalny w Boles\u0142awcu<\/span><\/p>\n<p><span style=\"color: #db0000;\"><b>29 marca\u00a0 2025<br \/>\n<\/b>Modlitewny Flash mob w Boles\u0142awcu<\/span><\/p>\n<p><span style=\"color: #db0000;\"><b>5 kwietnia\u00a0 2025<br \/>\n<\/b>Modlitewny Flash mob w Lubinie<\/span><\/p>\n<p><span style=\"color: #db0000;\"><b>12 kwietnia\u00a0 2025<br \/>\n<\/b>Modlitewny Flash mob w Legnicy<\/span><\/p>\n<p><span style=\"color: #db0000;\"><b>12 kwietnia\u00a0 2025<br \/>\n<\/b>Szkolenia Liturgiczne cz. I<\/span><\/p>\n<p><span style=\"color: #ff0000;\"><b>1-4 maja 2025<br \/>\n<\/b>Rekolekcje w Os\u0142ej<\/span><\/p>\n<p><span style=\"color: #ff0000;\"><b>31 maja 2025<br \/>\n<\/b>Szkolenie liturgiczne cz. II<\/span><\/p>\n<p><span style=\"color: #339966;\"><b>7 czerwca 2025<br \/>\n<\/b>Jubileusz M\u0142odych<\/span><\/p>\n<p><span style=\"color: #339966;\"><b>26 lipca &#8211; 4 sierpnia 2025<br \/>\n<\/b>Piesza Pielgrzymka Legnicka na Jasn\u0105 G\u00f3r\u0119<\/span><\/p>\n<p><span style=\"color: #12509b;\"><b style=\"color: #12509b;\">18 wrze\u015bnia 2023<\/b><br \/>\nWspomnienie \u015bw. Stanis\u0142awa Kostki \u00a0(\u015bwi\u0119to patronalne)<\/span><\/p>\n<p><span style=\"color: #ff0000;\"><b>7-9 listopada 2025<br \/>\n<\/b>Rekolekcje w Legnicy<\/span><\/p>\n<p><span style=\"color: #12509b;\"><b>18 listopada 2025<br \/>\n<\/b>Wspomnienie b\u0142. Karoliny K\u00f3zk\u00f3wny (\u015bwi\u0119to patronalne)<\/span><\/p>\n<p><span style=\"color: #12509b;\"><b>23 listopada 2025<br \/>\n<\/b>Uroczysto\u015b\u0107 Chrystusa Kr\u00f3la Wszech\u015bwiata (\u015bwi\u0119to patronalne)<\/span><\/p>\n<p>&nbsp;<\/p>\n<p><a href=\"https:\/\/calendar.google.com\/calendar\/ical\/7f7ckv17bg45kn80pofks6o0ck%40group.calendar.google.com\/public\/basic.ics\">Kalendarium do zaimportowania<\/a><\/p>\n<p><iframe loading=\"lazy\" style=\"border: 0px currentColor;\" src=\"https:\/\/calendar.google.com\/calendar\/embed?src=7f7ckv17bg45kn80pofks6o0ck%40group.calendar.google.com&amp;ctz=Europe%2FWarsaw\" width=\"800\" height=\"600\" frameborder=\"0\" scrolling=\"no\"><\/iframe><\/p>\n","protected":false},"excerpt":{"rendered":"<p>Kalendarium na rok 2025 *kolorem niebieskim oznaczono wydarzenia KSMowe *kolorem czerwonym oznaczono otwarte wydarzenia organizowane przez KSM, na kt\u00f3re zapraszamy szczeg\u00f3lnie wszystkich ch\u0119tnych *kolorem zielonym oznaczono wydarzenia w kt\u00f3rych uczestniczy\/kt\u00f3re wsp\u00f3\u0142organizuje KSM *kursyw\u0105 oznaczono wydarzenia og\u00f3lnopolskie 21 &#8211; 23 lutego 2025 Zebranie Krajowej Rady KSM w Legnicy 5 marca &#8211; 13 kwietnia 2025 Wielki Post &hellip; <\/p>\n<p class=\"link-more\"><a href=\"https:\/\/ksm.legnica.pl\/index.php\/kalendarium\/\" class=\"more-link\">Czytaj dalej<span class=\"screen-reader-text\"> \u201eKalendarium\u201d<\/span><\/a><\/p>\n","protected":false},"author":9,"featured_media":13,"parent":0,"menu_order":0,"comment_status":"closed","ping_status":"closed","template":"","meta":[],"_links":{"self":[{"href":"https:\/\/ksm.legnica.pl\/index.php\/wp-json\/wp\/v2\/pages\/380"}],"collection":[{"href":"https:\/\/ksm.legnica.pl\/index.php\/wp-json\/wp\/v2\/pages"}],"about":[{"href":"https:\/\/ksm.legnica.pl\/index.php\/wp-json\/wp\/v2\/types\/page"}],"author":[{"embeddable":true,"href":"https:\/\/ksm.legnica.pl\/index.php\/wp-json\/wp\/v2\/users\/9"}],"replies":[{"embeddable":true,"href":"https:\/\/ksm.legnica.pl\/index.php\/wp-json\/wp\/v2\/comments?post=380"}],"version-history":[{"count":48,"href":"https:\/\/ksm.legnica.pl\/index.php\/wp-json\/wp\/v2\/pages\/380\/revisions"}],"predecessor-version":[{"id":1675,"href":"https:\/\/ksm.legnica.pl\/index.php\/wp-json\/wp\/v2\/pages\/380\/revisions\/1675"}],"wp:featuredmedia":[{"embeddable":true,"href":"https:\/\/ksm.legnica.pl\/index.php\/wp-json\/wp\/v2\/media\/13"}],"wp:attachment":[{"href":"https:\/\/ksm.legnica.pl\/index.php\/wp-json\/wp\/v2\/media?parent=380"}],"curies":[{"name":"wp","href":"https:\/\/api.w.org\/{rel}","templated":true}]}}