{"id":814,"date":"2020-02-18T18:14:34","date_gmt":"2020-02-18T17:14:34","guid":{"rendered":"http:\/\/ksm.legnica.pl\/?page_id=814"},"modified":"2020-02-18T19:11:17","modified_gmt":"2020-02-18T18:11:17","slug":"uchwaly-zarzadu","status":"publish","type":"page","link":"https:\/\/ksm.legnica.pl\/index.php\/dokumenty\/uchwaly-zarzadu\/","title":{"rendered":"Uchwa\u0142y Zarz\u0105du"},"content":{"rendered":"<p><strong>Uchwa\u0142y Zarz\u0105du Diecezjalnego Katolickiego Stowarzyszenia M\u0142odzie\u017cy Diecezji Legnickiej:<\/strong><\/p>\n<p><strong>Rok 2020:<\/strong><\/p>\n<p><a href=\"https:\/\/ksm.legnica.pl\/wp-content\/uploads\/2020\/02\/1.Z.2020.pdf\" class=\"pdfemb-viewer\" style=\"\" data-width=\"max\" data-height=\"max\"  data-toolbar=\"bottom\" data-toolbar-fixed=\"off\">1.Z.2020<br\/><\/a><a href=\"http:\/\/ksm.legnica.pl\/wp-content\/uploads\/2020\/02\/1.Z.2020.pdf\">Uchwa\u0142a nr 1\/Z\/2020 Zarz\u0105du Diecezjalnego KSM DL w sprawie zawieszenia Oddzia\u0142\u00f3w\/K\u00f3\u0142 Katolickiego Stowarzyszenia M\u0142odzie\u017cy Diecezji Legnickiej<\/a><\/p>\n<p><strong>Rok 2019:<\/strong><\/p>\n<p>&nbsp;<\/p>\n<figure id=\"attachment_805\" aria-describedby=\"caption-attachment-805\" style=\"width: 525px\" class=\"wp-caption aligncenter\"><a href=\"http:\/\/ksm.legnica.pl\/wp-content\/uploads\/2020\/02\/Uchw_reaktyw.jpg\" data-rel=\"lightbox-image-0\" data-rl_title=\"\" data-rl_caption=\"\" title=\"\"><img loading=\"lazy\" class=\"wp-image-805 size-large\" src=\"http:\/\/ksm.legnica.pl\/wp-content\/uploads\/2020\/02\/Uchw_reaktyw-663x1024.jpg\" alt=\"\" width=\"525\" height=\"811\" srcset=\"https:\/\/ksm.legnica.pl\/wp-content\/uploads\/2020\/02\/Uchw_reaktyw-663x1024.jpg 663w, https:\/\/ksm.legnica.pl\/wp-content\/uploads\/2020\/02\/Uchw_reaktyw-194x300.jpg 194w, https:\/\/ksm.legnica.pl\/wp-content\/uploads\/2020\/02\/Uchw_reaktyw-768x1186.jpg 768w\" sizes=\"(max-width: 525px) 100vw, 525px\" \/><\/a><figcaption id=\"caption-attachment-805\" class=\"wp-caption-text\"><span style=\"display: inline !important; float: none; background-color: #ffffff; color: #333333; cursor: text; font-family: 'Libre Franklin','Helvetica Neue',helvetica,arial,sans-serif; font-size: 16px; font-style: normal; font-variant: normal; font-weight: 400; letter-spacing: normal; orphans: 2; text-align: left; text-decoration: none; text-indent: 0px; text-transform: none; -webkit-text-stroke-width: 0px; white-space: normal; word-spacing: 0px;\"> Uchwa\u0142a nr 1\/Z\/2019 Zarz\u0105du Diecezjalnego KSM DL w sprawie powo\u0142ania oraz reaktywowania Oddzia\u0142\u00f3w KSM DL<\/span><\/figcaption><\/figure>\n<p>&nbsp;<\/p>\n<p><a href=\"https:\/\/ksm.legnica.pl\/wp-content\/uploads\/2020\/02\/2.Z.2019.pdf\" class=\"pdfemb-viewer\" style=\"\" data-width=\"max\" data-height=\"max\"  data-toolbar=\"bottom\" data-toolbar-fixed=\"off\">2.Z.2019<br\/><\/a><a href=\"http:\/\/ksm.legnica.pl\/wp-content\/uploads\/2020\/02\/2.Z.2019.pdf\">Uchwa\u0142a nr 2\/Z\/2019 Zarz\u0105du Diecezjalnego KSM DL w sprawie ujednolicenia numer\u00f3w porz\u0105dkowych<\/a><\/p>\n<p>&nbsp;<\/p>\n<figure id=\"attachment_806\" aria-describedby=\"caption-attachment-806\" style=\"width: 525px\" class=\"wp-caption aligncenter\"><a href=\"http:\/\/ksm.legnica.pl\/wp-content\/uploads\/2020\/02\/Uchw_rekonstr.jpg\" data-rel=\"lightbox-image-1\" data-rl_title=\"\" data-rl_caption=\"\" title=\"\"><img loading=\"lazy\" class=\"wp-image-806 size-large\" src=\"http:\/\/ksm.legnica.pl\/wp-content\/uploads\/2020\/02\/Uchw_rekonstr-653x1024.jpg\" alt=\"\" width=\"525\" height=\"823\" srcset=\"https:\/\/ksm.legnica.pl\/wp-content\/uploads\/2020\/02\/Uchw_rekonstr-653x1024.jpg 653w, https:\/\/ksm.legnica.pl\/wp-content\/uploads\/2020\/02\/Uchw_rekonstr-191x300.jpg 191w, https:\/\/ksm.legnica.pl\/wp-content\/uploads\/2020\/02\/Uchw_rekonstr-768x1204.jpg 768w\" sizes=\"(max-width: 525px) 100vw, 525px\" \/><\/a><figcaption id=\"caption-attachment-806\" class=\"wp-caption-text\"><span style=\"display: inline !important; float: none; background-color: #ffffff; color: #333333; cursor: text; font-family: 'Libre Franklin','Helvetica Neue',helvetica,arial,sans-serif; font-size: 16px; font-style: normal; font-variant: normal; font-weight: 400; letter-spacing: normal; orphans: 2; text-align: left; text-decoration: none; text-indent: 0px; text-transform: none; -webkit-text-stroke-width: 0px; white-space: normal; word-spacing: 0px;\"> Uchwa\u0142a nr 3\/Z\/2019 Zarz\u0105du Diecezjalnego KSM DL w sprawie rekonstrukcji Zarz\u0105du Diecezjalnego KSM DL<\/span><\/figcaption><\/figure>\n<p>&nbsp;<\/p>\n<p><a href=\"https:\/\/ksm.legnica.pl\/wp-content\/uploads\/2020\/02\/4.Z.2019.pdf\" class=\"pdfemb-viewer\" style=\"\" data-width=\"max\" data-height=\"max\"  data-toolbar=\"bottom\" data-toolbar-fixed=\"off\">4.Z.2019<br\/><\/a><a href=\"http:\/\/ksm.legnica.pl\/wp-content\/uploads\/2020\/02\/4.Z.2019.pdf\">Uchwa\u0142a nr 4\/Z\/2019 Zarz\u0105du Diecezjalnego KSM DL w sprawie przyj\u0119cia w poczet cz\u0142onk\u00f3w Stowarzyszenia 15 kandydat\u00f3w<\/a><\/p>\n<p><strong>Rok 2018:<\/strong><\/p>\n<figure id=\"attachment_802\" aria-describedby=\"caption-attachment-802\" style=\"width: 525px\" class=\"wp-caption aligncenter\"><a href=\"http:\/\/ksm.legnica.pl\/wp-content\/uploads\/2020\/02\/Uchw_funckje.jpg\" data-rel=\"lightbox-image-2\" data-rl_title=\"\" data-rl_caption=\"\" title=\"\"><img loading=\"lazy\" class=\"wp-image-802 size-large\" src=\"http:\/\/ksm.legnica.pl\/wp-content\/uploads\/2020\/02\/Uchw_funckje-656x1024.jpg\" alt=\"\" width=\"525\" height=\"820\" srcset=\"https:\/\/ksm.legnica.pl\/wp-content\/uploads\/2020\/02\/Uchw_funckje-656x1024.jpg 656w, https:\/\/ksm.legnica.pl\/wp-content\/uploads\/2020\/02\/Uchw_funckje-192x300.jpg 192w, https:\/\/ksm.legnica.pl\/wp-content\/uploads\/2020\/02\/Uchw_funckje-768x1199.jpg 768w\" sizes=\"(max-width: 525px) 100vw, 525px\" \/><\/a><figcaption id=\"caption-attachment-802\" class=\"wp-caption-text\"><span style=\"display: inline !important; float: none; background-color: #ffffff; color: #333333; cursor: text; font-family: 'Libre Franklin','Helvetica Neue',helvetica,arial,sans-serif; font-size: 16px; font-style: normal; font-variant: normal; font-weight: 400; letter-spacing: normal; orphans: 2; text-align: left; text-decoration: none; text-indent: 0px; text-transform: none; -webkit-text-stroke-width: 0px; white-space: normal; word-spacing: 0px;\"> Uchwa\u0142a nr 1\/Z\/2018 Zarz\u0105du Diecezjalnego KSM DL w sprawie podzia\u0142u funkcji nowo zaprzysi\u0119\u017conego Zarz\u0105du Diecezjalnego<\/span><\/figcaption><\/figure>\n<figure id=\"attachment_803\" aria-describedby=\"caption-attachment-803\" style=\"width: 525px\" class=\"wp-caption aligncenter\"><a href=\"http:\/\/ksm.legnica.pl\/wp-content\/uploads\/2020\/02\/Uchw_hospicjum.jpg\" data-rel=\"lightbox-image-3\" data-rl_title=\"\" data-rl_caption=\"\" title=\"\"><img loading=\"lazy\" class=\"wp-image-803 size-large\" src=\"http:\/\/ksm.legnica.pl\/wp-content\/uploads\/2020\/02\/Uchw_hospicjum-649x1024.jpg\" alt=\"\" width=\"525\" height=\"828\" srcset=\"https:\/\/ksm.legnica.pl\/wp-content\/uploads\/2020\/02\/Uchw_hospicjum-649x1024.jpg 649w, https:\/\/ksm.legnica.pl\/wp-content\/uploads\/2020\/02\/Uchw_hospicjum-190x300.jpg 190w, https:\/\/ksm.legnica.pl\/wp-content\/uploads\/2020\/02\/Uchw_hospicjum-768x1212.jpg 768w\" sizes=\"(max-width: 525px) 100vw, 525px\" \/><\/a><figcaption id=\"caption-attachment-803\" class=\"wp-caption-text\"><span style=\"display: inline !important; float: none; background-color: #ffffff; color: #333333; cursor: text; font-family: 'Libre Franklin','Helvetica Neue',helvetica,arial,sans-serif; font-size: 16px; font-style: normal; font-variant: normal; font-weight: 400; letter-spacing: normal; orphans: 2; text-align: left; text-decoration: none; text-indent: 0px; text-transform: none; -webkit-text-stroke-width: 0px; white-space: normal; word-spacing: 0px;\"> Uchwa\u0142a nr 2\/Z\/2018 Zarz\u0105du Diecezjalnego KSM DL w sprawie wsparcia Hospicjum<\/span><\/figcaption><\/figure>\n<figure id=\"attachment_810\" aria-describedby=\"caption-attachment-810\" style=\"width: 525px\" class=\"wp-caption aligncenter\"><a href=\"http:\/\/ksm.legnica.pl\/wp-content\/uploads\/2020\/02\/Uchw_zawiesz.jpg\" data-rel=\"lightbox-image-4\" data-rl_title=\"\" data-rl_caption=\"\" title=\"\"><img loading=\"lazy\" class=\"wp-image-810 size-large\" src=\"http:\/\/ksm.legnica.pl\/wp-content\/uploads\/2020\/02\/Uchw_zawiesz-653x1024.jpg\" alt=\"\" width=\"525\" height=\"823\" srcset=\"https:\/\/ksm.legnica.pl\/wp-content\/uploads\/2020\/02\/Uchw_zawiesz-653x1024.jpg 653w, https:\/\/ksm.legnica.pl\/wp-content\/uploads\/2020\/02\/Uchw_zawiesz-191x300.jpg 191w, https:\/\/ksm.legnica.pl\/wp-content\/uploads\/2020\/02\/Uchw_zawiesz-768x1204.jpg 768w\" sizes=\"(max-width: 525px) 100vw, 525px\" \/><\/a><figcaption id=\"caption-attachment-810\" class=\"wp-caption-text\"><span style=\"display: inline !important; float: none; background-color: #ffffff; color: #333333; cursor: text; font-family: 'Libre Franklin','Helvetica Neue',helvetica,arial,sans-serif; font-size: 16px; font-style: normal; font-variant: normal; font-weight: 400; letter-spacing: normal; orphans: 2; text-align: left; text-decoration: none; text-indent: 0px; text-transform: none; -webkit-text-stroke-width: 0px; white-space: normal; word-spacing: 0px;\"> Uchwa\u0142a nr 3\/Z\/2018 Zarz\u0105du Diecezjalnego KSM DL w sprawie zawieszenia nieaktywnych oddzia\u0142\u00f3w<\/span><\/figcaption><\/figure>\n<figure id=\"attachment_800\" aria-describedby=\"caption-attachment-800\" style=\"width: 525px\" class=\"wp-caption aligncenter\"><a href=\"http:\/\/ksm.legnica.pl\/wp-content\/uploads\/2020\/02\/Uchw_cz\u0142onkowie.jpg\" data-rel=\"lightbox-image-5\" data-rl_title=\"\" data-rl_caption=\"\" title=\"\"><img loading=\"lazy\" class=\"wp-image-800 size-large\" src=\"http:\/\/ksm.legnica.pl\/wp-content\/uploads\/2020\/02\/Uchw_cz\u0142onkowie-654x1024.jpg\" alt=\"\" width=\"525\" height=\"822\" srcset=\"https:\/\/ksm.legnica.pl\/wp-content\/uploads\/2020\/02\/Uchw_cz\u0142onkowie-654x1024.jpg 654w, https:\/\/ksm.legnica.pl\/wp-content\/uploads\/2020\/02\/Uchw_cz\u0142onkowie-192x300.jpg 192w, https:\/\/ksm.legnica.pl\/wp-content\/uploads\/2020\/02\/Uchw_cz\u0142onkowie-768x1202.jpg 768w\" sizes=\"(max-width: 525px) 100vw, 525px\" \/><\/a><figcaption id=\"caption-attachment-800\" class=\"wp-caption-text\"><span style=\"display: inline !important; float: none; background-color: #ffffff; color: #333333; cursor: text; font-family: 'Libre Franklin','Helvetica Neue',helvetica,arial,sans-serif; font-size: 16px; font-style: normal; font-variant: normal; font-weight: 400; letter-spacing: normal; orphans: 2; text-align: left; text-decoration: none; text-indent: 0px; text-transform: none; -webkit-text-stroke-width: 0px; white-space: normal; word-spacing: 0px;\"> Uchwa\u0142a nr 4\/Z\/2018 Zarz\u0105du Diecezjalnego KSM DL w sprawie przyj\u0119cia w poczet cz\u0142onk\u00f3w Stowarzyszenia<\/span><\/figcaption><\/figure>\n<p>&nbsp;<\/p>\n","protected":false},"excerpt":{"rendered":"<p>Uchwa\u0142y Zarz\u0105du Diecezjalnego Katolickiego Stowarzyszenia M\u0142odzie\u017cy Diecezji Legnickiej: Rok 2020: Uchwa\u0142a nr 1\/Z\/2020 Zarz\u0105du Diecezjalnego KSM DL w sprawie zawieszenia Oddzia\u0142\u00f3w\/K\u00f3\u0142 Katolickiego Stowarzyszenia M\u0142odzie\u017cy Diecezji Legnickiej Rok 2019: &nbsp; &nbsp; Uchwa\u0142a nr 2\/Z\/2019 Zarz\u0105du Diecezjalnego KSM DL w sprawie ujednolicenia numer\u00f3w porz\u0105dkowych &nbsp; &nbsp; Uchwa\u0142a nr 4\/Z\/2019 Zarz\u0105du Diecezjalnego KSM DL w sprawie przyj\u0119cia w &hellip; <\/p>\n<p class=\"link-more\"><a href=\"https:\/\/ksm.legnica.pl\/index.php\/dokumenty\/uchwaly-zarzadu\/\" class=\"more-link\">Czytaj dalej<span class=\"screen-reader-text\"> \u201eUchwa\u0142y Zarz\u0105du\u201d<\/span><\/a><\/p>\n","protected":false},"author":11,"featured_media":0,"parent":397,"menu_order":0,"comment_status":"closed","ping_status":"closed","template":"","meta":[],"_links":{"self":[{"href":"https:\/\/ksm.legnica.pl\/index.php\/wp-json\/wp\/v2\/pages\/814"}],"collection":[{"href":"https:\/\/ksm.legnica.pl\/index.php\/wp-json\/wp\/v2\/pages"}],"about":[{"href":"https:\/\/ksm.legnica.pl\/index.php\/wp-json\/wp\/v2\/types\/page"}],"author":[{"embeddable":true,"href":"https:\/\/ksm.legnica.pl\/index.php\/wp-json\/wp\/v2\/users\/11"}],"replies":[{"embeddable":true,"href":"https:\/\/ksm.legnica.pl\/index.php\/wp-json\/wp\/v2\/comments?post=814"}],"version-history":[{"count":8,"href":"https:\/\/ksm.legnica.pl\/index.php\/wp-json\/wp\/v2\/pages\/814\/revisions"}],"predecessor-version":[{"id":833,"href":"https:\/\/ksm.legnica.pl\/index.php\/wp-json\/wp\/v2\/pages\/814\/revisions\/833"}],"up":[{"embeddable":true,"href":"https:\/\/ksm.legnica.pl\/index.php\/wp-json\/wp\/v2\/pages\/397"}],"wp:attachment":[{"href":"https:\/\/ksm.legnica.pl\/index.php\/wp-json\/wp\/v2\/media?parent=814"}],"curies":[{"name":"wp","href":"https:\/\/api.w.org\/{rel}","templated":true}]}}