{"id":816,"date":"2020-02-18T18:15:34","date_gmt":"2020-02-18T17:15:34","guid":{"rendered":"http:\/\/ksm.legnica.pl\/?page_id=816"},"modified":"2020-02-18T19:12:20","modified_gmt":"2020-02-18T18:12:20","slug":"uchwaly-zjazdu-diecezjalnego","status":"publish","type":"page","link":"https:\/\/ksm.legnica.pl\/index.php\/dokumenty\/uchwaly-zjazdu-diecezjalnego\/","title":{"rendered":"Uchwa\u0142y Zjazdu Diecezjalnego"},"content":{"rendered":"<p><strong>Rok 2019:<\/strong><\/p>\n<figure id=\"attachment_808\" aria-describedby=\"caption-attachment-808\" style=\"width: 525px\" class=\"wp-caption aligncenter\"><a href=\"http:\/\/ksm.legnica.pl\/wp-content\/uploads\/2020\/02\/Uchw_spr.jpg\" data-rel=\"lightbox-image-0\" data-rl_title=\"\" data-rl_caption=\"\" title=\"\"><img loading=\"lazy\" class=\"wp-image-808 size-large\" src=\"http:\/\/ksm.legnica.pl\/wp-content\/uploads\/2020\/02\/Uchw_spr-649x1024.jpg\" alt=\"\" width=\"525\" height=\"828\" srcset=\"https:\/\/ksm.legnica.pl\/wp-content\/uploads\/2020\/02\/Uchw_spr-649x1024.jpg 649w, https:\/\/ksm.legnica.pl\/wp-content\/uploads\/2020\/02\/Uchw_spr-190x300.jpg 190w, https:\/\/ksm.legnica.pl\/wp-content\/uploads\/2020\/02\/Uchw_spr-768x1212.jpg 768w\" sizes=\"(max-width: 525px) 100vw, 525px\" \/><\/a><figcaption id=\"caption-attachment-808\" class=\"wp-caption-text\"><span style=\"display: inline !important; float: none; background-color: #ffffff; color: #333333; cursor: text; font-family: 'Libre Franklin','Helvetica Neue',helvetica,arial,sans-serif; font-size: 16px; font-style: normal; font-variant: normal; font-weight: 400; letter-spacing: normal; orphans: 2; text-align: left; text-decoration: none; text-indent: 0px; text-transform: none; -webkit-text-stroke-width: 0px; white-space: normal; word-spacing: 0px;\"> Uchwa\u0142a nr 1\/ZD\/2019 Zjazdu Diecezjalnego KSM DL w sprawie przyj\u0119cia rocznego sprawozdania merytorycznego KSM DL za 2018 rok<\/span><\/figcaption><\/figure>\n<figure id=\"attachment_809\" aria-describedby=\"caption-attachment-809\" style=\"width: 525px\" class=\"wp-caption aligncenter\"><a href=\"http:\/\/ksm.legnica.pl\/wp-content\/uploads\/2020\/02\/Uchw_sprfin.jpg\" data-rel=\"lightbox-image-1\" data-rl_title=\"\" data-rl_caption=\"\" title=\"\"><img loading=\"lazy\" class=\"wp-image-809 size-large\" src=\"http:\/\/ksm.legnica.pl\/wp-content\/uploads\/2020\/02\/Uchw_sprfin-648x1024.jpg\" alt=\"\" width=\"525\" height=\"830\" srcset=\"https:\/\/ksm.legnica.pl\/wp-content\/uploads\/2020\/02\/Uchw_sprfin-648x1024.jpg 648w, https:\/\/ksm.legnica.pl\/wp-content\/uploads\/2020\/02\/Uchw_sprfin-190x300.jpg 190w, https:\/\/ksm.legnica.pl\/wp-content\/uploads\/2020\/02\/Uchw_sprfin-768x1213.jpg 768w\" sizes=\"(max-width: 525px) 100vw, 525px\" \/><\/a><figcaption id=\"caption-attachment-809\" class=\"wp-caption-text\"><span style=\"display: inline !important; float: none; background-color: #ffffff; color: #333333; cursor: text; font-family: 'Libre Franklin','Helvetica Neue',helvetica,arial,sans-serif; font-size: 16px; font-style: normal; font-variant: normal; font-weight: 400; letter-spacing: normal; orphans: 2; text-align: left; text-decoration: none; text-indent: 0px; text-transform: none; -webkit-text-stroke-width: 0px; white-space: normal; word-spacing: 0px;\"> Uchwa\u0142a nr 2\/ZD\/2019 Zjazdu Diecezjalnego KSM DL w sprawie przyj\u0119cia rocznego sprawozdania finansowego KSM DL za 2018 rok<\/span><\/figcaption><\/figure>\n<figure id=\"attachment_797\" aria-describedby=\"caption-attachment-797\" style=\"width: 525px\" class=\"wp-caption aligncenter\"><a href=\"http:\/\/ksm.legnica.pl\/wp-content\/uploads\/2020\/02\/Uchw_absolutorium.jpg\" data-rel=\"lightbox-image-2\" data-rl_title=\"\" data-rl_caption=\"\" title=\"\"><img loading=\"lazy\" class=\"wp-image-797 size-large\" src=\"http:\/\/ksm.legnica.pl\/wp-content\/uploads\/2020\/02\/Uchw_absolutorium-652x1024.jpg\" alt=\"\" width=\"525\" height=\"825\" srcset=\"https:\/\/ksm.legnica.pl\/wp-content\/uploads\/2020\/02\/Uchw_absolutorium-652x1024.jpg 652w, https:\/\/ksm.legnica.pl\/wp-content\/uploads\/2020\/02\/Uchw_absolutorium-191x300.jpg 191w, https:\/\/ksm.legnica.pl\/wp-content\/uploads\/2020\/02\/Uchw_absolutorium-768x1207.jpg 768w\" sizes=\"(max-width: 525px) 100vw, 525px\" \/><\/a><figcaption id=\"caption-attachment-797\" class=\"wp-caption-text\"><span style=\"display: inline !important; float: none; background-color: #ffffff; color: #333333; cursor: text; font-family: 'Libre Franklin','Helvetica Neue',helvetica,arial,sans-serif; font-size: 16px; font-style: normal; font-variant: normal; font-weight: 400; letter-spacing: normal; orphans: 2; text-align: left; text-decoration: none; text-indent: 0px; text-transform: none; -webkit-text-stroke-width: 0px; white-space: normal; word-spacing: 0px;\"> Uchwa\u0142a nr 3\/ZD\/2019 Zjazdu Diecezjalnego KSM DL w sprawie udzielenia absolutorium Zarz\u0105dowi Diecezjalnego<\/span><\/figcaption><\/figure>\n<figure id=\"attachment_804\" aria-describedby=\"caption-attachment-804\" style=\"width: 525px\" class=\"wp-caption aligncenter\"><a href=\"http:\/\/ksm.legnica.pl\/wp-content\/uploads\/2020\/02\/Uchw_odznacz.jpg\" data-rel=\"lightbox-image-3\" data-rl_title=\"\" data-rl_caption=\"\" title=\"\"><img loading=\"lazy\" class=\"wp-image-804 size-large\" src=\"http:\/\/ksm.legnica.pl\/wp-content\/uploads\/2020\/02\/Uchw_odznacz-653x1024.jpg\" alt=\"\" width=\"525\" height=\"823\" srcset=\"https:\/\/ksm.legnica.pl\/wp-content\/uploads\/2020\/02\/Uchw_odznacz-653x1024.jpg 653w, https:\/\/ksm.legnica.pl\/wp-content\/uploads\/2020\/02\/Uchw_odznacz-191x300.jpg 191w, https:\/\/ksm.legnica.pl\/wp-content\/uploads\/2020\/02\/Uchw_odznacz-768x1204.jpg 768w\" sizes=\"(max-width: 525px) 100vw, 525px\" \/><\/a><figcaption id=\"caption-attachment-804\" class=\"wp-caption-text\"><span style=\"display: inline !important; float: none; background-color: #ffffff; color: #333333; cursor: text; font-family: 'Libre Franklin','Helvetica Neue',helvetica,arial,sans-serif; font-size: 16px; font-style: normal; font-variant: normal; font-weight: 400; letter-spacing: normal; orphans: 2; text-align: left; text-decoration: none; text-indent: 0px; text-transform: none; -webkit-text-stroke-width: 0px; white-space: normal; word-spacing: 0px;\"> Uchwa\u0142a nr 4\/ZD\/2019 Zjazdu Diecezjalnego KSM DL w sprawie wprowadzenia Regulaminu Odznacze\u0144 Honorowych<\/span><\/figcaption><\/figure>\n<figure id=\"attachment_801\" aria-describedby=\"caption-attachment-801\" style=\"width: 525px\" class=\"wp-caption aligncenter\"><a href=\"http:\/\/ksm.legnica.pl\/wp-content\/uploads\/2020\/02\/Uchw_delegacje.jpg\" data-rel=\"lightbox-image-4\" data-rl_title=\"\" data-rl_caption=\"\" title=\"\"><img loading=\"lazy\" class=\"wp-image-801 size-large\" src=\"http:\/\/ksm.legnica.pl\/wp-content\/uploads\/2020\/02\/Uchw_delegacje-739x1024.jpg\" alt=\"\" width=\"525\" height=\"727\" srcset=\"https:\/\/ksm.legnica.pl\/wp-content\/uploads\/2020\/02\/Uchw_delegacje-739x1024.jpg 739w, https:\/\/ksm.legnica.pl\/wp-content\/uploads\/2020\/02\/Uchw_delegacje-216x300.jpg 216w, https:\/\/ksm.legnica.pl\/wp-content\/uploads\/2020\/02\/Uchw_delegacje-768x1064.jpg 768w\" sizes=\"(max-width: 525px) 100vw, 525px\" \/><\/a><figcaption id=\"caption-attachment-801\" class=\"wp-caption-text\"><span style=\"display: inline !important; float: none; background-color: #ffffff; color: #333333; cursor: text; font-family: 'Libre Franklin','Helvetica Neue',helvetica,arial,sans-serif; font-size: 16px; font-style: normal; font-variant: normal; font-weight: 400; letter-spacing: normal; orphans: 2; text-align: left; text-decoration: none; text-indent: 0px; text-transform: none; -webkit-text-stroke-width: 0px; white-space: normal; word-spacing: 0px;\"> Uchwa\u0142a nr 5\/ZD\/2019 Zjazdu Diecezjalnego KSM DL w sprawie wprowadzenia Regulaminu Delegacji<\/span><\/figcaption><\/figure>\n<p>&nbsp;<\/p>\n<figure id=\"attachment_807\" aria-describedby=\"caption-attachment-807\" style=\"width: 525px\" class=\"wp-caption aligncenter\"><a href=\"http:\/\/ksm.legnica.pl\/wp-content\/uploads\/2020\/02\/Uchw_sk\u0142.jpg\" data-rel=\"lightbox-image-5\" data-rl_title=\"\" data-rl_caption=\"\" title=\"\"><img loading=\"lazy\" class=\"wp-image-807 size-large\" src=\"http:\/\/ksm.legnica.pl\/wp-content\/uploads\/2020\/02\/Uchw_sk\u0142-670x1024.jpg\" alt=\"\" width=\"525\" height=\"802\" srcset=\"https:\/\/ksm.legnica.pl\/wp-content\/uploads\/2020\/02\/Uchw_sk\u0142-670x1024.jpg 670w, https:\/\/ksm.legnica.pl\/wp-content\/uploads\/2020\/02\/Uchw_sk\u0142-196x300.jpg 196w, https:\/\/ksm.legnica.pl\/wp-content\/uploads\/2020\/02\/Uchw_sk\u0142-768x1173.jpg 768w\" sizes=\"(max-width: 525px) 100vw, 525px\" \/><\/a><figcaption id=\"caption-attachment-807\" class=\"wp-caption-text\"><span style=\"display: inline !important; float: none; background-color: #ffffff; color: #333333; cursor: text; font-family: 'Libre Franklin','Helvetica Neue',helvetica,arial,sans-serif; font-size: 16px; font-style: normal; font-variant: normal; font-weight: 400; letter-spacing: normal; orphans: 2; text-align: left; text-decoration: none; text-indent: 0px; text-transform: none; -webkit-text-stroke-width: 0px; white-space: normal; word-spacing: 0px;\"> Uchwa\u0142a nr 6\/ZD\/2019 Zjazdu Diecezjalnego KSM DL w sprawie ujednolicenia wysoko\u015bci sk\u0142adek cz\u0142onkowskich<\/span><\/figcaption><\/figure>\n<p><strong>Rok 2018:<\/strong><\/p>\n<a href=\"https:\/\/ksm.legnica.pl\/wp-content\/uploads\/2020\/02\/Uchwa\u0142a_sk\u0142adkicz\u0142onkowskie.pdf\" class=\"pdfemb-viewer\" style=\"\" data-width=\"max\" data-height=\"max\"  data-toolbar=\"bottom\" data-toolbar-fixed=\"off\">Uchwa\u0142a_sk\u0142adkicz\u0142onkowskie<br\/><\/a>\n<p><a href=\"http:\/\/ksm.legnica.pl\/wp-content\/uploads\/2020\/02\/Uchwa\u0142a_sk\u0142adkicz\u0142onkowskie.pdf\">Uchwa\u0142a nr 1\/ZD\/2018 Zjazdu Diecezjalnego KSM DL w sprawie ujednolicenia wysoko\u015bci sk\u0142adek cz\u0142onkowskich<\/a><\/p>\n","protected":false},"excerpt":{"rendered":"<p>Rok 2019: &nbsp; Rok 2018: Uchwa\u0142a nr 1\/ZD\/2018 Zjazdu Diecezjalnego KSM DL w sprawie ujednolicenia wysoko\u015bci sk\u0142adek cz\u0142onkowskich<\/p>\n","protected":false},"author":11,"featured_media":0,"parent":397,"menu_order":0,"comment_status":"closed","ping_status":"closed","template":"","meta":[],"_links":{"self":[{"href":"https:\/\/ksm.legnica.pl\/index.php\/wp-json\/wp\/v2\/pages\/816"}],"collection":[{"href":"https:\/\/ksm.legnica.pl\/index.php\/wp-json\/wp\/v2\/pages"}],"about":[{"href":"https:\/\/ksm.legnica.pl\/index.php\/wp-json\/wp\/v2\/types\/page"}],"author":[{"embeddable":true,"href":"https:\/\/ksm.legnica.pl\/index.php\/wp-json\/wp\/v2\/users\/11"}],"replies":[{"embeddable":true,"href":"https:\/\/ksm.legnica.pl\/index.php\/wp-json\/wp\/v2\/comments?post=816"}],"version-history":[{"count":4,"href":"https:\/\/ksm.legnica.pl\/index.php\/wp-json\/wp\/v2\/pages\/816\/revisions"}],"predecessor-version":[{"id":834,"href":"https:\/\/ksm.legnica.pl\/index.php\/wp-json\/wp\/v2\/pages\/816\/revisions\/834"}],"up":[{"embeddable":true,"href":"https:\/\/ksm.legnica.pl\/index.php\/wp-json\/wp\/v2\/pages\/397"}],"wp:attachment":[{"href":"https:\/\/ksm.legnica.pl\/index.php\/wp-json\/wp\/v2\/media?parent=816"}],"curies":[{"name":"wp","href":"https:\/\/api.w.org\/{rel}","templated":true}]}}